{"id":22,"date":"2024-12-05T13:52:24","date_gmt":"2024-12-05T12:52:24","guid":{"rendered":"http:\/\/atelier-woodspirit.fr\/?page_id=22"},"modified":"2024-12-17T16:39:18","modified_gmt":"2024-12-17T15:39:18","slug":"accueil","status":"publish","type":"page","link":"https:\/\/atelier-woodspirit.fr\/","title":{"rendered":"Accueil"},"content":{"rendered":"\n<div class=\"wp-block-cover alignfull\" style=\"padding-top:2%;min-height:60rem;aspect-ratio:unset;\"><span aria-hidden=\"true\" class=\"wp-block-cover__background has-background-dim-0 has-background-dim\" style=\"background-color:#857e77\"><\/span><img loading=\"lazy\" decoding=\"async\" width=\"2560\" height=\"1707\" class=\"wp-block-cover__image-background wp-image-51\" alt=\"\" src=\"https:\/\/atelier-woodspirit.fr\/wp-content\/uploads\/2024\/12\/DSC01738-1-scaled.jpg\" data-object-fit=\"cover\" srcset=\"https:\/\/atelier-woodspirit.fr\/wp-content\/uploads\/2024\/12\/DSC01738-1-scaled.jpg 2560w, https:\/\/atelier-woodspirit.fr\/wp-content\/uploads\/2024\/12\/DSC01738-1-300x200.jpg 300w, https:\/\/atelier-woodspirit.fr\/wp-content\/uploads\/2024\/12\/DSC01738-1-1024x683.jpg 1024w, https:\/\/atelier-woodspirit.fr\/wp-content\/uploads\/2024\/12\/DSC01738-1-768x512.jpg 768w, https:\/\/atelier-woodspirit.fr\/wp-content\/uploads\/2024\/12\/DSC01738-1-1536x1024.jpg 1536w, https:\/\/atelier-woodspirit.fr\/wp-content\/uploads\/2024\/12\/DSC01738-1-2048x1365.jpg 2048w\" sizes=\"auto, (max-width: 2560px) 100vw, 2560px\" \/><div class=\"wp-block-cover__inner-container has-global-padding is-layout-constrained wp-container-core-cover-is-layout-ee51f2d2 wp-block-cover-is-layout-constrained\">\n<div class=\"wp-block-group alignwide is-vertical is-content-justification-center is-layout-flex wp-container-core-group-is-layout-b6c1f246 wp-block-group-is-layout-flex\" style=\"min-height:35rem\">\n<div class=\"wp-block-group has-global-padding is-layout-constrained wp-container-core-group-is-layout-1c662c3c wp-block-group-is-layout-constrained\">\n<h3 class=\"wp-block-heading has-text-align-center has-text-color has-hedvig-letters-serif-regular-font-family\" style=\"color:#ffffff;margin-bottom:1rem;font-size:clamp(2.156rem, 2.156rem + ((1vw - 0.2rem) * 3.171), 3.9rem);font-style:normal;font-weight:400;line-height:1;text-transform:none\">Cr\u00e9er ensemble une \u00e9l\u00e9gance intemporelle<\/h3>\n\n\n\n<p class=\"has-text-align-center has-text-color has-link-color wp-elements-d91beb588e7aac7718c252a5ca6f3142\" style=\"color:#ffffff;font-size:clamp(0.875rem, 0.875rem + ((1vw - 0.2rem) * 0.591), 1.2rem);\">O\u00f9 la tradition rencontre l&rsquo;innovation<\/p>\n\n\n\n<div class=\"wp-block-group has-global-padding is-content-justification-center is-layout-constrained wp-container-core-group-is-layout-9b3804fc wp-block-group-is-layout-constrained\" style=\"margin-top:30px\">\n<div class=\"wp-block-buttons is-horizontal is-content-justification-right is-layout-flex wp-container-core-buttons-is-layout-e5324bbf wp-block-buttons-is-layout-flex\" style=\"margin-top:0.21rem\"><\/div>\n<\/div>\n<\/div>\n<\/div>\n<\/div><\/div>\n\n\n\n<section class=\"wp-block-group alignfull has-text-color has-background has-global-padding is-layout-constrained wp-container-core-group-is-layout-83ee5e76 wp-block-group-is-layout-constrained\" style=\"color:#212121;background-color:#f5f5f5;margin-top:0rem;padding-right:1rem;padding-left:1rem;font-size:clamp(0.875rem, 0.875rem + ((1vw - 0.2rem) * 0.464), 1.13rem);font-style:normal;font-weight:400;line-height:1.5\">\n<div class=\"wp-block-group has-global-padding is-layout-constrained wp-container-core-group-is-layout-0f2e7412 wp-block-group-is-layout-constrained\" style=\"padding-top:5.01rem;padding-bottom:4.01rem\">\n<div class=\"wp-block-columns is-not-stacked-on-mobile is-layout-flex wp-container-core-columns-is-layout-713970fd wp-block-columns-is-layout-flex\">\n<div class=\"wp-block-column has-global-padding is-layout-constrained wp-container-core-column-is-layout-c6e25a76 wp-block-column-is-layout-constrained\" style=\"border-right-style:none;border-right-width:0px;padding-right:1rem;padding-left:1rem\">\n<h6 class=\"wp-block-heading has-text-align-center has-text-color has-hedvig-letters-serif-regular-font-family\" style=\"color:#242925;margin-bottom:0.51rem;font-size:clamp(1.551rem, 1.551rem + ((1vw - 0.2rem) * 1.907), 2.6rem);line-height:1.3;text-transform:capitalize\">1.<\/h6>\n\n\n\n<p class=\"has-text-align-center has-text-color\" style=\"color:#212121;margin-top:0px;margin-bottom:1.77rem;font-size:clamp(0.875rem, 0.875rem + ((1vw - 0.2rem) * 0.064), 0.91rem);font-style:normal;font-weight:500;line-height:1.5\">Un savoir-faire expert m\u00ealant tradition et outils modernes.<\/p>\n<\/div>\n\n\n\n<div class=\"wp-block-column has-global-padding is-layout-constrained wp-container-core-column-is-layout-c6e25a76 wp-block-column-is-layout-constrained\" style=\"border-right-style:none;border-right-width:0px;padding-right:1rem;padding-left:1rem\">\n<h6 class=\"wp-block-heading has-text-align-center has-text-color has-hedvig-letters-serif-regular-font-family\" style=\"color:#242925;margin-bottom:0.51rem;font-size:clamp(1.551rem, 1.551rem + ((1vw - 0.2rem) * 1.907), 2.6rem);line-height:1.3;text-transform:capitalize\">2.<\/h6>\n\n\n\n<p class=\"has-text-align-center has-text-color\" style=\"color:#212121;margin-top:0px;margin-bottom:1.77rem;font-size:clamp(0.875rem, 0.875rem + ((1vw - 0.2rem) * 0.064), 0.91rem);font-style:normal;font-weight:500;line-height:1.5\">Des conceptions personnalis\u00e9es adapt\u00e9es \u00e0 votre style et \u00e0 vos besoins uniques.<\/p>\n<\/div>\n\n\n\n<div class=\"wp-block-column has-global-padding is-layout-constrained wp-container-core-column-is-layout-c6e25a76 wp-block-column-is-layout-constrained\" style=\"padding-right:1rem;padding-left:1rem\">\n<h6 class=\"wp-block-heading has-text-align-center has-text-color has-hedvig-letters-serif-regular-font-family\" style=\"color:#242925;margin-bottom:0.51rem;font-size:clamp(1.551rem, 1.551rem + ((1vw - 0.2rem) * 1.907), 2.6rem);line-height:1.3;text-transform:capitalize\">3.<\/h6>\n\n\n\n<p class=\"has-text-align-center has-text-color\" style=\"color:#212121;margin-top:0px;margin-bottom:1.77rem;font-size:clamp(0.875rem, 0.875rem + ((1vw - 0.2rem) * 0.064), 0.91rem);font-style:normal;font-weight:500;line-height:1.5\">Une qualit\u00e9 exceptionnelle qui dure toute une vie.<\/p>\n<\/div>\n<\/div>\n<\/div>\n<\/section>\n\n\n\n<div class=\"wp-block-group alignfull has-global-padding is-layout-constrained wp-container-core-group-is-layout-6c6e7e04 wp-block-group-is-layout-constrained\" style=\"margin-top:0;margin-bottom:0;padding-top:5.51rem;padding-right:2rem;padding-bottom:3rem;padding-left:2rem\">\n<div class=\"wp-block-group has-global-padding is-content-justification-left is-layout-constrained wp-container-core-group-is-layout-e6673fbd wp-block-group-is-layout-constrained\" style=\"margin-bottom:20px\">\n<h2 class=\"wp-block-heading has-text-color has-link-color has-hedvig-letters-serif-regular-font-family wp-elements-c17732578ad2910a34742d9fa2f47314\" style=\"color:#242925;font-size:clamp(1.477rem, 1.477rem + ((1vw - 0.2rem) * 1.769), 2.45rem);\">Nos domaines de fabrication<\/h2>\n<\/div>\n\n\n\n<div class=\"wp-block-group alignwide has-global-padding is-layout-constrained wp-block-group-is-layout-constrained\" style=\"margin-top:1.01rem\">\n<div class=\"wp-block-columns alignwide is-layout-flex wp-container-core-columns-is-layout-c8164556 wp-block-columns-is-layout-flex\">\n<div class=\"wp-block-column has-global-padding is-content-justification-center is-layout-constrained wp-container-core-column-is-layout-412b4476 wp-block-column-is-layout-constrained\" style=\"padding-bottom:2rem\">\n<div class=\"wp-block-group alignfull has-global-padding is-layout-constrained wp-container-core-group-is-layout-d47d106a wp-block-group-is-layout-constrained\">\n<figure class=\"wp-block-image aligncenter size-full is-resized has-custom-border\"><img loading=\"lazy\" decoding=\"async\" width=\"1920\" height=\"2560\" src=\"https:\/\/atelier-woodspirit.fr\/wp-content\/uploads\/2024\/12\/dji_fly_20240713_180222_129_1720887625723_aeb-scaled.jpg\" alt=\"\" class=\"wp-image-50\" style=\"border-radius:16px;aspect-ratio:9\/16;object-fit:cover;width:300px\" srcset=\"https:\/\/atelier-woodspirit.fr\/wp-content\/uploads\/2024\/12\/dji_fly_20240713_180222_129_1720887625723_aeb-scaled.jpg 1920w, https:\/\/atelier-woodspirit.fr\/wp-content\/uploads\/2024\/12\/dji_fly_20240713_180222_129_1720887625723_aeb-225x300.jpg 225w, https:\/\/atelier-woodspirit.fr\/wp-content\/uploads\/2024\/12\/dji_fly_20240713_180222_129_1720887625723_aeb-768x1024.jpg 768w, https:\/\/atelier-woodspirit.fr\/wp-content\/uploads\/2024\/12\/dji_fly_20240713_180222_129_1720887625723_aeb-1152x1536.jpg 1152w, https:\/\/atelier-woodspirit.fr\/wp-content\/uploads\/2024\/12\/dji_fly_20240713_180222_129_1720887625723_aeb-1536x2048.jpg 1536w\" sizes=\"auto, (max-width: 1920px) 100vw, 1920px\" \/><\/figure>\n\n\n\n<h6 class=\"wp-block-heading has-text-align-left has-text-color has-hedvig-letters-serif-regular-font-family\" style=\"color:#242925;font-size:clamp(0.875rem, 0.875rem + ((1vw - 0.2rem) * 0.664), 1.24rem);line-height:1.4;text-decoration:none;text-transform:capitalize\">Conception de meubles sur mesure<\/h6>\n<\/div>\n<\/div>\n\n\n\n<div class=\"wp-block-column has-global-padding is-layout-constrained wp-container-core-column-is-layout-a3af4fe5 wp-block-column-is-layout-constrained\" style=\"padding-bottom:2rem\">\n<div class=\"wp-block-group alignfull has-global-padding is-layout-constrained wp-container-core-group-is-layout-d47d106a wp-block-group-is-layout-constrained\">\n<figure class=\"wp-block-image aligncenter size-full is-resized has-custom-border\"><img loading=\"lazy\" decoding=\"async\" width=\"1912\" height=\"2560\" src=\"https:\/\/atelier-woodspirit.fr\/wp-content\/uploads\/2024\/12\/DSC02092-scaled.jpg\" alt=\"\" class=\"wp-image-63\" style=\"border-radius:16px;aspect-ratio:9\/16;object-fit:cover;width:300px\" srcset=\"https:\/\/atelier-woodspirit.fr\/wp-content\/uploads\/2024\/12\/DSC02092-scaled.jpg 1912w, https:\/\/atelier-woodspirit.fr\/wp-content\/uploads\/2024\/12\/DSC02092-224x300.jpg 224w, https:\/\/atelier-woodspirit.fr\/wp-content\/uploads\/2024\/12\/DSC02092-765x1024.jpg 765w, https:\/\/atelier-woodspirit.fr\/wp-content\/uploads\/2024\/12\/DSC02092-768x1028.jpg 768w, https:\/\/atelier-woodspirit.fr\/wp-content\/uploads\/2024\/12\/DSC02092-1147x1536.jpg 1147w, https:\/\/atelier-woodspirit.fr\/wp-content\/uploads\/2024\/12\/DSC02092-1530x2048.jpg 1530w\" sizes=\"auto, (max-width: 1912px) 100vw, 1912px\" \/><\/figure>\n\n\n\n<h6 class=\"wp-block-heading has-text-align-left has-text-color has-hedvig-letters-serif-regular-font-family\" style=\"color:#242925;font-size:clamp(0.875rem, 0.875rem + ((1vw - 0.2rem) * 0.664), 1.24rem);line-height:1.4;text-decoration:none;text-transform:capitalize\"><a href=\"#\">Pi\u00e8ces d\u00e9coratives uniques<\/a><\/h6>\n<\/div>\n<\/div>\n\n\n\n<div class=\"wp-block-column has-global-padding is-content-justification-center is-layout-constrained wp-container-core-column-is-layout-412b4476 wp-block-column-is-layout-constrained\" style=\"padding-bottom:2rem\">\n<div class=\"wp-block-group alignfull has-global-padding is-layout-constrained wp-container-core-group-is-layout-d47d106a wp-block-group-is-layout-constrained\">\n<figure class=\"wp-block-image aligncenter size-full is-resized has-custom-border\"><img loading=\"lazy\" decoding=\"async\" width=\"1920\" height=\"2560\" src=\"https:\/\/atelier-woodspirit.fr\/wp-content\/uploads\/2024\/12\/20240320_132559-scaled.jpg\" alt=\"\" class=\"wp-image-77\" style=\"border-radius:16px;width:400px\" srcset=\"https:\/\/atelier-woodspirit.fr\/wp-content\/uploads\/2024\/12\/20240320_132559-scaled.jpg 1920w, https:\/\/atelier-woodspirit.fr\/wp-content\/uploads\/2024\/12\/20240320_132559-225x300.jpg 225w, https:\/\/atelier-woodspirit.fr\/wp-content\/uploads\/2024\/12\/20240320_132559-768x1024.jpg 768w, https:\/\/atelier-woodspirit.fr\/wp-content\/uploads\/2024\/12\/20240320_132559-1152x1536.jpg 1152w, https:\/\/atelier-woodspirit.fr\/wp-content\/uploads\/2024\/12\/20240320_132559-1536x2048.jpg 1536w\" sizes=\"auto, (max-width: 1920px) 100vw, 1920px\" \/><\/figure>\n\n\n\n<h6 class=\"wp-block-heading has-text-align-left has-text-color has-hedvig-letters-serif-regular-font-family\" style=\"color:#242925;font-size:clamp(0.875rem, 0.875rem + ((1vw - 0.2rem) * 0.664), 1.24rem);line-height:1.4;text-decoration:none;text-transform:capitalize\"><a href=\"#\">Arcade<\/a><\/h6>\n<\/div>\n<\/div>\n<\/div>\n<\/div>\n<\/div>\n\n\n\n<div class=\"wp-block-cover alignfull is-light\"><span aria-hidden=\"true\" class=\"wp-block-cover__background has-background-dim-100 has-background-dim\" style=\"background-color:#f3f3f3\"><\/span><div class=\"wp-block-cover__inner-container has-global-padding is-layout-constrained wp-container-core-cover-is-layout-4383d167 wp-block-cover-is-layout-constrained\">\n<div class=\"wp-block-group alignfull has-global-padding is-layout-constrained wp-container-core-group-is-layout-0117c4cf wp-block-group-is-layout-constrained\" style=\"padding-top:80px;padding-bottom:80px\">\n<div class=\"wp-block-columns alignwide is-layout-flex wp-container-core-columns-is-layout-28f84493 wp-block-columns-is-layout-flex\">\n<div class=\"wp-block-column is-layout-flow wp-block-column-is-layout-flow\" style=\"padding-right:10px;padding-left:10px;flex-basis:50%\">\n<div class=\"wp-block-group is-content-justification-center is-nowrap is-layout-flex wp-container-core-group-is-layout-23441af8 wp-block-group-is-layout-flex\">\n<div class=\"wp-block-group has-global-padding is-content-justification-left is-layout-constrained wp-container-core-group-is-layout-664c02a5 wp-block-group-is-layout-constrained\" style=\"padding-bottom:10px\">\n<h2 class=\"wp-block-heading has-text-color has-link-color has-hedvig-letters-serif-regular-font-family wp-elements-ee83d1f9457d0d5b7d673d9bfc326d36\" style=\"color:#242925\">Nos valeurs<\/h2>\n\n\n\n<p>Chez l&rsquo;Atelier Wood Spirit, nous croyons en la magie de l\u2019artisanat. Notre passion pour le travail du bois nous pousse \u00e0 m\u00e9langer les techniques traditionnelles avec la technologie moderne, cr\u00e9ant des pi\u00e8ces qui r\u00e9sonnent \u00e0 la fois avec le c\u0153ur et l&rsquo;\u00e2me.<\/p>\n\n\n\n<p>Nous valorisons la collaboration et la cr\u00e9ativit\u00e9, et travaillons en \u00e9troite collaboration avec vous pour donner vie \u00e0 votre vision. Chaque projet est un voyage et nous nous engageons \u00e0 garantir que vos id\u00e9es se transforment en un art \u00e9poustouflant et fonctionnel pour votre maison.<\/p>\n<\/div>\n<\/div>\n<\/div>\n\n\n\n<div class=\"wp-block-column is-layout-flow wp-block-column-is-layout-flow\" style=\"padding-right:10px;padding-left:10px;flex-basis:50%\">\n<figure class=\"wp-block-image aligncenter size-full has-custom-border\"><img loading=\"lazy\" decoding=\"async\" width=\"2560\" height=\"1920\" src=\"https:\/\/atelier-woodspirit.fr\/wp-content\/uploads\/2024\/12\/20220514_110223-1-scaled.jpg\" alt=\"\" class=\"wp-image-56\" style=\"border-radius:16px\" srcset=\"https:\/\/atelier-woodspirit.fr\/wp-content\/uploads\/2024\/12\/20220514_110223-1-scaled.jpg 2560w, https:\/\/atelier-woodspirit.fr\/wp-content\/uploads\/2024\/12\/20220514_110223-1-300x225.jpg 300w, https:\/\/atelier-woodspirit.fr\/wp-content\/uploads\/2024\/12\/20220514_110223-1-1024x768.jpg 1024w, https:\/\/atelier-woodspirit.fr\/wp-content\/uploads\/2024\/12\/20220514_110223-1-768x576.jpg 768w, https:\/\/atelier-woodspirit.fr\/wp-content\/uploads\/2024\/12\/20220514_110223-1-1536x1152.jpg 1536w, https:\/\/atelier-woodspirit.fr\/wp-content\/uploads\/2024\/12\/20220514_110223-1-2048x1536.jpg 2048w\" sizes=\"auto, (max-width: 2560px) 100vw, 2560px\" \/><\/figure>\n<\/div>\n<\/div>\n<\/div>\n<\/div><\/div>\n\n\n\n<div class=\"wp-block-columns is-layout-flex wp-container-core-columns-is-layout-28f84493 wp-block-columns-is-layout-flex\">\n<div class=\"wp-block-column is-layout-flow wp-block-column-is-layout-flow\" style=\"flex-basis:33.33%\"><\/div>\n\n\n\n<div class=\"wp-block-column is-layout-flow wp-block-column-is-layout-flow\" style=\"flex-basis:66.66%\"><\/div>\n<\/div>\n\n\n\n<figure class=\"wp-block-gallery has-nested-images columns-default is-cropped wp-block-gallery-1 is-layout-flex wp-block-gallery-is-layout-flex\">\n<figure class=\"wp-block-image size-large\"><img loading=\"lazy\" decoding=\"async\" width=\"683\" height=\"1024\" data-id=\"127\" src=\"https:\/\/atelier-woodspirit.fr\/wp-content\/uploads\/2024\/12\/DSC02101-683x1024.jpg\" alt=\"\" class=\"wp-image-127\" srcset=\"https:\/\/atelier-woodspirit.fr\/wp-content\/uploads\/2024\/12\/DSC02101-683x1024.jpg 683w, https:\/\/atelier-woodspirit.fr\/wp-content\/uploads\/2024\/12\/DSC02101-200x300.jpg 200w, https:\/\/atelier-woodspirit.fr\/wp-content\/uploads\/2024\/12\/DSC02101-768x1152.jpg 768w, https:\/\/atelier-woodspirit.fr\/wp-content\/uploads\/2024\/12\/DSC02101-1024x1536.jpg 1024w, https:\/\/atelier-woodspirit.fr\/wp-content\/uploads\/2024\/12\/DSC02101-1365x2048.jpg 1365w, https:\/\/atelier-woodspirit.fr\/wp-content\/uploads\/2024\/12\/DSC02101-scaled.jpg 1707w\" sizes=\"auto, (max-width: 683px) 100vw, 683px\" \/><\/figure>\n\n\n\n<figure class=\"wp-block-image size-large\"><img loading=\"lazy\" decoding=\"async\" width=\"683\" height=\"1024\" data-id=\"126\" src=\"https:\/\/atelier-woodspirit.fr\/wp-content\/uploads\/2024\/12\/DSC02098-683x1024.jpg\" alt=\"\" class=\"wp-image-126\" srcset=\"https:\/\/atelier-woodspirit.fr\/wp-content\/uploads\/2024\/12\/DSC02098-683x1024.jpg 683w, https:\/\/atelier-woodspirit.fr\/wp-content\/uploads\/2024\/12\/DSC02098-200x300.jpg 200w, https:\/\/atelier-woodspirit.fr\/wp-content\/uploads\/2024\/12\/DSC02098-768x1152.jpg 768w, https:\/\/atelier-woodspirit.fr\/wp-content\/uploads\/2024\/12\/DSC02098-1024x1536.jpg 1024w, https:\/\/atelier-woodspirit.fr\/wp-content\/uploads\/2024\/12\/DSC02098-1365x2048.jpg 1365w, https:\/\/atelier-woodspirit.fr\/wp-content\/uploads\/2024\/12\/DSC02098-scaled.jpg 1707w\" sizes=\"auto, (max-width: 683px) 100vw, 683px\" \/><\/figure>\n\n\n\n<figure class=\"wp-block-image size-large\"><img loading=\"lazy\" decoding=\"async\" width=\"683\" height=\"1024\" data-id=\"125\" src=\"https:\/\/atelier-woodspirit.fr\/wp-content\/uploads\/2024\/12\/DSC02097-683x1024.jpg\" alt=\"\" class=\"wp-image-125\" srcset=\"https:\/\/atelier-woodspirit.fr\/wp-content\/uploads\/2024\/12\/DSC02097-683x1024.jpg 683w, https:\/\/atelier-woodspirit.fr\/wp-content\/uploads\/2024\/12\/DSC02097-200x300.jpg 200w, https:\/\/atelier-woodspirit.fr\/wp-content\/uploads\/2024\/12\/DSC02097-768x1152.jpg 768w, https:\/\/atelier-woodspirit.fr\/wp-content\/uploads\/2024\/12\/DSC02097-1024x1536.jpg 1024w, https:\/\/atelier-woodspirit.fr\/wp-content\/uploads\/2024\/12\/DSC02097-1365x2048.jpg 1365w, https:\/\/atelier-woodspirit.fr\/wp-content\/uploads\/2024\/12\/DSC02097-scaled.jpg 1707w\" sizes=\"auto, (max-width: 683px) 100vw, 683px\" \/><\/figure>\n\n\n\n<figure class=\"wp-block-image size-large\"><img loading=\"lazy\" decoding=\"async\" width=\"1024\" height=\"683\" data-id=\"124\" src=\"https:\/\/atelier-woodspirit.fr\/wp-content\/uploads\/2024\/12\/DSC02095-1024x683.jpg\" alt=\"\" class=\"wp-image-124\" srcset=\"https:\/\/atelier-woodspirit.fr\/wp-content\/uploads\/2024\/12\/DSC02095-1024x683.jpg 1024w, https:\/\/atelier-woodspirit.fr\/wp-content\/uploads\/2024\/12\/DSC02095-300x200.jpg 300w, https:\/\/atelier-woodspirit.fr\/wp-content\/uploads\/2024\/12\/DSC02095-768x512.jpg 768w, https:\/\/atelier-woodspirit.fr\/wp-content\/uploads\/2024\/12\/DSC02095-1536x1024.jpg 1536w, https:\/\/atelier-woodspirit.fr\/wp-content\/uploads\/2024\/12\/DSC02095-2048x1365.jpg 2048w\" sizes=\"auto, (max-width: 1024px) 100vw, 1024px\" \/><\/figure>\n\n\n\n<figure class=\"wp-block-image size-large\"><img loading=\"lazy\" decoding=\"async\" width=\"765\" height=\"1024\" data-id=\"123\" src=\"https:\/\/atelier-woodspirit.fr\/wp-content\/uploads\/2024\/12\/DSC02092-1-765x1024.jpg\" alt=\"\" class=\"wp-image-123\" srcset=\"https:\/\/atelier-woodspirit.fr\/wp-content\/uploads\/2024\/12\/DSC02092-1-765x1024.jpg 765w, https:\/\/atelier-woodspirit.fr\/wp-content\/uploads\/2024\/12\/DSC02092-1-224x300.jpg 224w, https:\/\/atelier-woodspirit.fr\/wp-content\/uploads\/2024\/12\/DSC02092-1-768x1028.jpg 768w, https:\/\/atelier-woodspirit.fr\/wp-content\/uploads\/2024\/12\/DSC02092-1-1147x1536.jpg 1147w, https:\/\/atelier-woodspirit.fr\/wp-content\/uploads\/2024\/12\/DSC02092-1-1530x2048.jpg 1530w, https:\/\/atelier-woodspirit.fr\/wp-content\/uploads\/2024\/12\/DSC02092-1-scaled.jpg 1912w\" sizes=\"auto, (max-width: 765px) 100vw, 765px\" \/><\/figure>\n<\/figure>\n\n\n\n<figure class=\"wp-block-video\"><\/figure>\n","protected":false},"excerpt":{"rendered":"<p>1. Un savoir-faire expert m\u00ealant tradition et outils modernes. 2. Des conceptions personnalis\u00e9es adapt\u00e9es \u00e0 votre style et \u00e0 vos besoins uniques. 3. Une qualit\u00e9 exceptionnelle qui dure toute une vie. Nos domaines de fabrication Conception de meubles sur mesure Pi\u00e8ces d\u00e9coratives uniques Arcade<\/p>\n","protected":false},"author":1,"featured_media":0,"parent":0,"menu_order":0,"comment_status":"closed","ping_status":"closed","template":"","meta":{"footnotes":""},"class_list":["post-22","page","type-page","status-publish","hentry"],"_links":{"self":[{"href":"https:\/\/atelier-woodspirit.fr\/index.php?rest_route=\/wp\/v2\/pages\/22","targetHints":{"allow":["GET"]}}],"collection":[{"href":"https:\/\/atelier-woodspirit.fr\/index.php?rest_route=\/wp\/v2\/pages"}],"about":[{"href":"https:\/\/atelier-woodspirit.fr\/index.php?rest_route=\/wp\/v2\/types\/page"}],"author":[{"embeddable":true,"href":"https:\/\/atelier-woodspirit.fr\/index.php?rest_route=\/wp\/v2\/users\/1"}],"replies":[{"embeddable":true,"href":"https:\/\/atelier-woodspirit.fr\/index.php?rest_route=%2Fwp%2Fv2%2Fcomments&post=22"}],"version-history":[{"count":9,"href":"https:\/\/atelier-woodspirit.fr\/index.php?rest_route=\/wp\/v2\/pages\/22\/revisions"}],"predecessor-version":[{"id":132,"href":"https:\/\/atelier-woodspirit.fr\/index.php?rest_route=\/wp\/v2\/pages\/22\/revisions\/132"}],"wp:attachment":[{"href":"https:\/\/atelier-woodspirit.fr\/index.php?rest_route=%2Fwp%2Fv2%2Fmedia&parent=22"}],"curies":[{"name":"wp","href":"https:\/\/api.w.org\/{rel}","templated":true}]}}