{"id":25,"date":"2024-12-05T13:52:49","date_gmt":"2024-12-05T12:52:49","guid":{"rendered":"http:\/\/atelier-woodspirit.fr\/?page_id=25"},"modified":"2024-12-06T15:04:51","modified_gmt":"2024-12-06T14:04:51","slug":"a-propos","status":"publish","type":"page","link":"https:\/\/atelier-woodspirit.fr\/?page_id=25","title":{"rendered":"A propos"},"content":{"rendered":"\n<div class=\"wp-block-cover alignfull is-light\"><span aria-hidden=\"true\" class=\"wp-block-cover__background has-background-dim-0 has-background-dim\" style=\"background-color:#f3f3f3\"><\/span><div class=\"wp-block-cover__inner-container has-global-padding is-layout-constrained wp-block-cover-is-layout-constrained\">\n<div class=\"wp-block-group alignfull has-global-padding is-layout-constrained wp-container-core-group-is-layout-7cffe988 wp-block-group-is-layout-constrained\" style=\"padding-top:180px;padding-bottom:80px\">\n<div class=\"wp-block-columns alignwide is-layout-flex wp-container-core-columns-is-layout-bad5dd0e wp-block-columns-is-layout-flex\">\n<div class=\"wp-block-column is-layout-flow wp-container-core-column-is-layout-1284340a wp-block-column-is-layout-flow\" style=\"padding-right:10px;padding-left:10px;flex-basis:60%\">\n<div class=\"wp-block-group has-global-padding is-content-justification-left is-layout-constrained wp-container-core-group-is-layout-aaf2b7b1 wp-block-group-is-layout-constrained\" style=\"padding-bottom:10px\">\n<h6 class=\"wp-block-heading has-text-color has-link-color wp-elements-228a1935a66c276b8f4f5d1956246a16\" style=\"color:#959e95;font-size:clamp(0.875rem, 0.875rem + ((1vw - 0.2rem) * 0.045), 0.9rem);font-style:normal;font-weight:500\">Fabriquer la beaut\u00e9 avec c\u0153ur et \u00e2me<\/h6>\n\n\n\n<h2 class=\"wp-block-heading has-text-color has-link-color has-hedvig-letters-serif-regular-font-family wp-elements-14a4a5fe42a9206264e7479dc0191a51\" style=\"color:#242925;font-size:clamp(1.551rem, 1.551rem + ((1vw - 0.2rem) * 1.907), 2.6rem);\">D\u00e9couvrez la passion derri\u00e8re l&rsquo;esprit Atelier Wood\u00a0: o\u00f9 la tradition rencontre l&rsquo;artisanat moderne<\/h2>\n\n\n\n<p style=\"margin-top:30px\">Chez Atelier Wood Spirit, nous croyons en la magie de l\u2019artisanat. Nos cr\u00e9ations allient techniques traditionnelles et technologies modernes, garantissant que chaque pi\u00e8ce est unique, de haute qualit\u00e9 et pleine de caract\u00e8re.<\/p>\n\n\n\n<p style=\"margin-top:30px\">Fond\u00e9 par C\u00e9line Chabas, \u00e9b\u00e9niste, notre atelier est un havre de cr\u00e9ativit\u00e9. Nous \u00e9coutons vos id\u00e9es et les transformons en pi\u00e8ces \u00e9poustouflantes qui embellissent votre espace. Qu\u2019il s\u2019agisse de meubles sur mesure ou d\u2019objets de d\u00e9coration, nous sommes l\u00e0 pour donner vie \u00e0 votre vision avec pr\u00e9cision et amour.<\/p>\n<\/div>\n<\/div>\n\n\n\n<div class=\"wp-block-column is-layout-flow wp-block-column-is-layout-flow\" style=\"padding-right:10px;padding-left:10px;flex-basis:40%\">\n<figure class=\"wp-block-image size-full has-custom-border\"><img loading=\"lazy\" decoding=\"async\" width=\"2560\" height=\"1707\" src=\"https:\/\/atelier-woodspirit.fr\/wp-content\/uploads\/2024\/12\/DSC01807-scaled.jpg\" alt=\"\" class=\"wp-image-59\" style=\"border-radius:16px;aspect-ratio:3\/2;object-fit:cover\" srcset=\"https:\/\/atelier-woodspirit.fr\/wp-content\/uploads\/2024\/12\/DSC01807-scaled.jpg 2560w, https:\/\/atelier-woodspirit.fr\/wp-content\/uploads\/2024\/12\/DSC01807-300x200.jpg 300w, https:\/\/atelier-woodspirit.fr\/wp-content\/uploads\/2024\/12\/DSC01807-1024x683.jpg 1024w, https:\/\/atelier-woodspirit.fr\/wp-content\/uploads\/2024\/12\/DSC01807-768x512.jpg 768w, https:\/\/atelier-woodspirit.fr\/wp-content\/uploads\/2024\/12\/DSC01807-1536x1024.jpg 1536w, https:\/\/atelier-woodspirit.fr\/wp-content\/uploads\/2024\/12\/DSC01807-2048x1365.jpg 2048w\" sizes=\"auto, (max-width: 2560px) 100vw, 2560px\" \/><\/figure>\n<\/div>\n<\/div>\n<\/div>\n<\/div><\/div>\n\n\n\n<div class=\"wp-block-group alignfull has-global-padding is-layout-constrained wp-container-core-group-is-layout-d0e9c35b wp-block-group-is-layout-constrained\" style=\"margin-top:0px;margin-bottom:0px;padding-top:0px;padding-bottom:0px\">\n<div class=\"wp-block-columns is-layout-flex wp-container-core-columns-is-layout-a5bcb298 wp-block-columns-is-layout-flex\" style=\"border-top-color:#242925;border-top-width:1px;border-right-style:none;border-right-width:0px;border-bottom-color:#242925;border-bottom-width:1px;border-left-style:none;border-left-width:0px;padding-top:54px;padding-right:0px;padding-bottom:54px;padding-left:0px\">\n<div class=\"wp-block-column is-layout-flow wp-container-core-column-is-layout-9ade4a0a wp-block-column-is-layout-flow\" style=\"padding-top:10px;padding-bottom:10px\">\n<h2 class=\"wp-block-heading has-text-align-center has-text-color has-hedvig-letters-serif-regular-font-family\" style=\"color:#242925;margin-top:0;font-size:clamp(1.352rem, 1.352rem + ((1vw - 0.2rem) * 1.542), 2.2rem);font-style:normal;font-weight:400;line-height:1\">1<\/h2>\n\n\n\n<p class=\"has-text-align-center has-text-color\" style=\"color:#242925;font-size:clamp(0.875rem, 0.875rem + ((1vw - 0.2rem) * 0.409), 1.1rem);line-height:1.5\">L&rsquo;excellence artisanale \u00e0 chaque fois<\/p>\n<\/div>\n\n\n\n<div class=\"wp-block-column is-layout-flow wp-container-core-column-is-layout-9ade4a0a wp-block-column-is-layout-flow\" style=\"border-left-style:none;border-left-width:0px;padding-top:10px;padding-bottom:10px\">\n<h2 class=\"wp-block-heading has-text-align-center has-text-color has-hedvig-letters-serif-regular-font-family\" style=\"color:#242925;margin-top:0;font-size:clamp(1.352rem, 1.352rem + ((1vw - 0.2rem) * 1.542), 2.2rem);font-style:normal;font-weight:400;line-height:1\">2<\/h2>\n\n\n\n<p class=\"has-text-align-center has-text-color\" style=\"color:#242925;font-size:clamp(0.875rem, 0.875rem + ((1vw - 0.2rem) * 0.409), 1.1rem);line-height:1.5\">Techniques modernes utilis\u00e9es<\/p>\n<\/div>\n\n\n\n<div class=\"wp-block-column is-layout-flow wp-container-core-column-is-layout-9ade4a0a wp-block-column-is-layout-flow\" style=\"border-left-style:none;border-left-width:0px;padding-top:10px;padding-bottom:10px\">\n<h2 class=\"wp-block-heading has-text-align-center has-text-color has-hedvig-letters-serif-regular-font-family\" style=\"color:#242925;margin-top:0;font-size:clamp(1.352rem, 1.352rem + ((1vw - 0.2rem) * 1.542), 2.2rem);font-style:normal;font-weight:400;line-height:1\">3<\/h2>\n\n\n\n<p class=\"has-text-align-center has-text-color\" style=\"color:#242925;font-size:clamp(0.875rem, 0.875rem + ((1vw - 0.2rem) * 0.409), 1.1rem);line-height:1.5\">Des conceptions personnalis\u00e9es rien que pour vous<\/p>\n<\/div>\n\n\n\n<div class=\"wp-block-column is-layout-flow wp-container-core-column-is-layout-9ade4a0a wp-block-column-is-layout-flow\" style=\"border-left-style:none;border-left-width:0px;padding-top:10px;padding-bottom:10px\">\n<h2 class=\"wp-block-heading has-text-align-center has-text-color has-hedvig-letters-serif-regular-font-family\" style=\"color:#242925;margin-top:0;font-size:clamp(1.352rem, 1.352rem + ((1vw - 0.2rem) * 1.542), 2.2rem);font-style:normal;font-weight:400;line-height:1\">4<\/h2>\n\n\n\n<p class=\"has-text-align-center has-text-color\" style=\"color:#242925;font-size:clamp(0.875rem, 0.875rem + ((1vw - 0.2rem) * 0.409), 1.1rem);line-height:1.5\">Mat\u00e9riaux durables utilis\u00e9s<\/p>\n<\/div>\n<\/div>\n<\/div>\n\n\n\n<p><\/p>\n","protected":false},"excerpt":{"rendered":"<p>1 L&rsquo;excellence artisanale \u00e0 chaque fois 2 Techniques modernes utilis\u00e9es 3 Des conceptions personnalis\u00e9es rien que pour vous 4 Mat\u00e9riaux durables utilis\u00e9s<\/p>\n","protected":false},"author":1,"featured_media":0,"parent":0,"menu_order":0,"comment_status":"closed","ping_status":"closed","template":"","meta":{"footnotes":""},"class_list":["post-25","page","type-page","status-publish","hentry"],"_links":{"self":[{"href":"https:\/\/atelier-woodspirit.fr\/index.php?rest_route=\/wp\/v2\/pages\/25","targetHints":{"allow":["GET"]}}],"collection":[{"href":"https:\/\/atelier-woodspirit.fr\/index.php?rest_route=\/wp\/v2\/pages"}],"about":[{"href":"https:\/\/atelier-woodspirit.fr\/index.php?rest_route=\/wp\/v2\/types\/page"}],"author":[{"embeddable":true,"href":"https:\/\/atelier-woodspirit.fr\/index.php?rest_route=\/wp\/v2\/users\/1"}],"replies":[{"embeddable":true,"href":"https:\/\/atelier-woodspirit.fr\/index.php?rest_route=%2Fwp%2Fv2%2Fcomments&post=25"}],"version-history":[{"count":4,"href":"https:\/\/atelier-woodspirit.fr\/index.php?rest_route=\/wp\/v2\/pages\/25\/revisions"}],"predecessor-version":[{"id":61,"href":"https:\/\/atelier-woodspirit.fr\/index.php?rest_route=\/wp\/v2\/pages\/25\/revisions\/61"}],"wp:attachment":[{"href":"https:\/\/atelier-woodspirit.fr\/index.php?rest_route=%2Fwp%2Fv2%2Fmedia&parent=25"}],"curies":[{"name":"wp","href":"https:\/\/api.w.org\/{rel}","templated":true}]}}